{"id":76,"date":"2016-12-11T12:33:50","date_gmt":"2016-12-11T11:33:50","guid":{"rendered":"http:\/\/www.aufkleber-druck-profi.de\/?page_id=76"},"modified":"2016-12-29T23:20:36","modified_gmt":"2016-12-29T22:20:36","slug":"mittelformatdruck-bis-250-cm-breite","status":"publish","type":"page","link":"http:\/\/bigprint-profi.de\/?page_id=76","title":{"rendered":"Mittelformatdruck bis 250 cm Breite"},"content":{"rendered":"<div class=\"page\" title=\"Page 2\">\n<div class=\"layoutArea\">\n<div class=\"column\">\n<p>Die n\u00e4chste Stufe bei den Gro\u00dfformatdrucken liegt im \u201eMittelformatdruck\u201c bei einer Rollenbreite von 250 cm. Ansonsten gilt wie oben, dass die L\u00e4nge vom Umfang der Rollenware abh\u00e4ngt. Sollen beispielsweise Drucke im Format 500 x 500 cm hergestellt werden, so werden zwei Bahnen \u00e0 250 x 500 cm gedruckt und anschlie\u00dfend miteinander verklebt. Gr\u00f6\u00dfe Formate sind mit diesem Druckmaschinen selbstverst\u00e4ndlich auch m\u00f6glich.<br \/>\nEs werden dann lediglich alle Drucke miteinander verklebt.<\/p>\n<p>Auch im Mittelformatdruck sind fotorealistisches Drucken und Veredelungen, wie das Aufbringen eines<br \/>\nUV-Schutzlackes oder einer Folienkaschierung, m\u00f6glich.<\/p>\n<\/div>\n<\/div>\n<\/div>\n","protected":false},"excerpt":{"rendered":"<p>Die n\u00e4chste Stufe bei den Gro\u00dfformatdrucken liegt im \u201eMittelformatdruck\u201c bei einer Rollenbreite von 250 cm. Ansonsten gilt wie oben, dass<\/p>\n","protected":false},"author":1,"featured_media":0,"parent":0,"menu_order":0,"comment_status":"closed","ping_status":"closed","template":"","meta":{"footnotes":""},"_links":{"self":[{"href":"http:\/\/bigprint-profi.de\/index.php?rest_route=\/wp\/v2\/pages\/76"}],"collection":[{"href":"http:\/\/bigprint-profi.de\/index.php?rest_route=\/wp\/v2\/pages"}],"about":[{"href":"http:\/\/bigprint-profi.de\/index.php?rest_route=\/wp\/v2\/types\/page"}],"author":[{"embeddable":true,"href":"http:\/\/bigprint-profi.de\/index.php?rest_route=\/wp\/v2\/users\/1"}],"replies":[{"embeddable":true,"href":"http:\/\/bigprint-profi.de\/index.php?rest_route=%2Fwp%2Fv2%2Fcomments&post=76"}],"version-history":[{"count":7,"href":"http:\/\/bigprint-profi.de\/index.php?rest_route=\/wp\/v2\/pages\/76\/revisions"}],"predecessor-version":[{"id":359,"href":"http:\/\/bigprint-profi.de\/index.php?rest_route=\/wp\/v2\/pages\/76\/revisions\/359"}],"wp:attachment":[{"href":"http:\/\/bigprint-profi.de\/index.php?rest_route=%2Fwp%2Fv2%2Fmedia&parent=76"}],"curies":[{"name":"wp","href":"https:\/\/api.w.org\/{rel}","templated":true}]}}