{"id":179,"date":"2016-12-16T16:19:27","date_gmt":"2016-12-16T15:19:27","guid":{"rendered":"http:\/\/www.aufkleber-druck-profi.de\/?page_id=179"},"modified":"2016-12-29T23:21:46","modified_gmt":"2016-12-29T22:21:46","slug":"tipps-und-tricks","status":"publish","type":"page","link":"http:\/\/bigprint-profi.de\/?page_id=179","title":{"rendered":"Tipps und Tricks"},"content":{"rendered":"<div class=\"page\" title=\"Page 3\">\n<div class=\"layoutArea\">\n<div class=\"column\">\n<p><strong>So k\u00f6nnen Sie sparen!<\/strong> Durch moderne Druckmaschinen und -techniken sind die Preise in der Herstellung der Gro\u00dfformatdrucke in den letzten Jahren enorm gesunken. Trotzdem l\u00e4sst sich noch Geld bei der Herstellung sparen. Bestellen Sie nicht einfach \u201eirgendwelche\u201c Gro\u00dffor- matdrucke, sondern sprechen Sie mit einem Herstellungsbetrieb Ihres Vertrauens. Durch die Wahl des richtigen, geeigneten Grundmaterials und der Drucktechnik lassen sich schnell einige Euro sparen. Insbesondere wenn gro\u00dfe Drucke oder eine entsprechend gro\u00dfe Auflage ben\u00f6tigt wird.<\/p>\n<\/div>\n<\/div>\n<\/div>\n","protected":false},"excerpt":{"rendered":"<p>So k\u00f6nnen Sie sparen! Durch moderne Druckmaschinen und -techniken sind die Preise in der Herstellung der Gro\u00dfformatdrucke in den letzten<\/p>\n","protected":false},"author":1,"featured_media":0,"parent":0,"menu_order":0,"comment_status":"closed","ping_status":"closed","template":"","meta":{"footnotes":""},"_links":{"self":[{"href":"http:\/\/bigprint-profi.de\/index.php?rest_route=\/wp\/v2\/pages\/179"}],"collection":[{"href":"http:\/\/bigprint-profi.de\/index.php?rest_route=\/wp\/v2\/pages"}],"about":[{"href":"http:\/\/bigprint-profi.de\/index.php?rest_route=\/wp\/v2\/types\/page"}],"author":[{"embeddable":true,"href":"http:\/\/bigprint-profi.de\/index.php?rest_route=\/wp\/v2\/users\/1"}],"replies":[{"embeddable":true,"href":"http:\/\/bigprint-profi.de\/index.php?rest_route=%2Fwp%2Fv2%2Fcomments&post=179"}],"version-history":[{"count":7,"href":"http:\/\/bigprint-profi.de\/index.php?rest_route=\/wp\/v2\/pages\/179\/revisions"}],"predecessor-version":[{"id":369,"href":"http:\/\/bigprint-profi.de\/index.php?rest_route=\/wp\/v2\/pages\/179\/revisions\/369"}],"wp:attachment":[{"href":"http:\/\/bigprint-profi.de\/index.php?rest_route=%2Fwp%2Fv2%2Fmedia&parent=179"}],"curies":[{"name":"wp","href":"https:\/\/api.w.org\/{rel}","templated":true}]}}